{"id":21,"date":"2025-03-10T13:02:11","date_gmt":"2025-03-10T13:02:11","guid":{"rendered":"http:\/\/multipurpose-32.ziptemplates.top\/?page_id=21"},"modified":"2025-12-12T22:44:07","modified_gmt":"2025-12-12T22:44:07","slug":"o-nas","status":"publish","type":"page","link":"https:\/\/sona.pl\/en\/o-nas\/","title":{"rendered":"About Us"},"content":{"rendered":"\n<div class=\"wp-block-uagb-container uagb-layout-grid uagb-block-861c71f8 alignfull uagb-is-root-container\"><div class=\"uagb-container-inner-blocks-wrap\">\n<div data-aos= \"slide-up\" data-aos-duration=\"400\" data-aos-delay=\"0\" data-aos-easing=\"ease\" data-aos-once=\"true\" class=\"wp-block-uagb-advanced-heading uagb-block-269a3267\"><h1 class=\"uagb-heading-text\">We create the highest quality food \u2013 with you in mind!<\/h1><\/div>\n\n\n\n<div data-aos= \"fade\" data-aos-duration=\"400\" data-aos-delay=\"0\" data-aos-easing=\"ease\" data-aos-once=\"true\" class=\"wp-block-uagb-image uagb-block-cc953da3 wp-block-uagb-image--layout-default wp-block-uagb-image--effect-static wp-block-uagb-image--align-none\"><figure class=\"wp-block-uagb-image__figure\"><img decoding=\"async\" srcset=\"https:\/\/sona.pl\/wp-content\/uploads\/2025\/03\/round-white-ceramic-bowl-with-seafoods-rmdo8r9igfw.jpeg ,https:\/\/sona.pl\/wp-content\/uploads\/2025\/03\/round-white-ceramic-bowl-with-seafoods-rmdo8r9igfw.jpeg 780w, https:\/\/sona.pl\/wp-content\/uploads\/2025\/03\/round-white-ceramic-bowl-with-seafoods-rmdo8r9igfw.jpeg 360w\" sizes=\"auto, (max-width: 480px) 150px\" src=\"https:\/\/sona.pl\/wp-content\/uploads\/2025\/03\/round-white-ceramic-bowl-with-seafoods-rmdo8r9igfw.jpeg\" alt=\"\" class=\"uag-image-352\" width=\"800\" height=\"500\" title=\"about-bg\" loading=\"lazy\" role=\"img\"\/><\/figure><\/div>\n<\/div><\/div>\n\n\n\n<div style=\"height:100px\" aria-hidden=\"true\" class=\"wp-block-spacer\"><\/div>\n\n\n\n<div class=\"wp-block-uagb-container uagb-block-c0243b08 alignfull uagb-is-root-container\"><div class=\"uagb-container-inner-blocks-wrap\">\n<div class=\"wp-block-columns is-layout-flex wp-container-core-columns-is-layout-28f84493 wp-block-columns-is-layout-flex\">\n<div class=\"wp-block-column is-layout-flow wp-block-column-is-layout-flow\" style=\"flex-basis:50%\">\n<div data-aos= \"slide-up\" data-aos-duration=\"400\" data-aos-delay=\"0\" data-aos-easing=\"ease\" data-aos-once=\"true\" class=\"wp-block-uagb-advanced-heading uagb-block-6950e8e0\"><h2 class=\"uagb-heading-text\">About our company<\/h2><\/div>\n\n\n\n<div style=\"height:100px\" aria-hidden=\"true\" class=\"wp-block-spacer uag-hide-mob\"><\/div>\n\n\n\n<div data-aos= \"fade\" data-aos-duration=\"400\" data-aos-delay=\"0\" data-aos-easing=\"ease\" data-aos-once=\"true\" class=\"wp-block-uagb-info-box uagb-block-4445c7fb uagb-infobox__content-wrap  uagb-infobox-icon-above-title uagb-infobox-image-valign-top\"><div class=\"uagb-ifb-content\"><div class=\"uagb-ifb-title-wrap\"><h3 class=\"uagb-ifb-title-prefix\">Innovation and responsibility<\/h3><p class=\"uagb-ifb-title\">We are constantly evolving \u2013 in 1999, we began processing fresh fish on ice, and a decade later, we launched a modern shrimp blanching line. Every stage of production is subject to rigorous inspections, guaranteeing not only exceptional taste but also the highest quality and safety standards.<\/p><\/div><p class=\"uagb-ifb-desc\">We are a responsible partner \u2013 we support local initiatives, engage socially, and care for relationships with our surroundings.<\/p><\/div><\/div>\n<\/div>\n\n\n\n<div class=\"wp-block-column is-layout-flow wp-block-column-is-layout-flow\" style=\"flex-basis:50%\">\n<div data-aos= \"fade\" data-aos-duration=\"400\" data-aos-delay=\"0\" data-aos-easing=\"ease\" data-aos-once=\"true\" class=\"wp-block-uagb-info-box uagb-block-69e924c0 uagb-infobox__content-wrap  uagb-infobox-icon-above-title uagb-infobox-image-valign-top\"><div class=\"uagb-ifb-content\"><div class=\"uagb-ifb-title-wrap\"><h3 class=\"uagb-ifb-title-prefix\">Quality and passion in production<\/h3><p class=\"uagb-ifb-title\">For over 35 years, we have been delivering fresh fish and seafood to millions of customers across Poland. We prioritize quality, selecting only trusted breeders and suppliers who, like us, prioritize the highest standards and safety.<\/p><\/div><p class=\"uagb-ifb-desc\">Our passion for flavor, innovative technologies, and experience ensure our products meet the expectations of even the most discerning customers. Thanks to our unique smoking method, our fish has won numerous awards and the recognition of connoisseurs.<\/p><\/div><\/div>\n\n\n\n<div style=\"height:100px\" aria-hidden=\"true\" class=\"wp-block-spacer uag-hide-mob\"><\/div>\n\n\n\n<div data-aos= \"fade\" data-aos-duration=\"400\" data-aos-delay=\"0\" data-aos-easing=\"ease\" data-aos-once=\"true\" class=\"wp-block-uagb-info-box uagb-block-96195c2d uagb-infobox__content-wrap  uagb-infobox-icon-above-title uagb-infobox-image-valign-top\"><div class=\"uagb-ifb-content\"><div class=\"uagb-ifb-title-wrap\"><h3 class=\"uagb-ifb-title-prefix\">SoNa \u2013 quality trusted by the best!<\/h3><p class=\"uagb-ifb-title\">The SoNa brand is synonymous with quality, appreciated by major retail chains, wholesalers, and manufacturers. Our products have even been served at the papal table!<\/p><\/div><p class=\"uagb-ifb-desc\">Your trust is our greatest reward. We create food that not only tastes delicious but also has a positive impact on your health. Try it and see for yourself!<\/p><\/div><\/div>\n<\/div>\n<\/div>\n<\/div><\/div>\n\n\n\n<div style=\"height:100px\" aria-hidden=\"true\" class=\"wp-block-spacer\"><\/div>\n\n\n\n<div class=\"wp-block-uagb-container uagb-block-14dbcaa8 alignfull uagb-is-root-container\"><div class=\"uagb-container-inner-blocks-wrap\">\n<div data-aos= \"slide-up\" data-aos-duration=\"400\" data-aos-delay=\"0\" data-aos-easing=\"ease\" data-aos-once=\"true\" class=\"wp-block-uagb-image uagb-block-30255ee0 wp-block-uagb-image--layout-default wp-block-uagb-image--effect-static wp-block-uagb-image--align-none uag-blocks-common-selector\" style=\"--z-index-desktop:1;;--z-index-tablet:undefined;;--z-index-mobile:undefined;\"><figure class=\"wp-block-uagb-image__figure\"><img decoding=\"async\" srcset=\"https:\/\/sona.pl\/wp-content\/uploads\/2025\/03\/cooked-shrimp-with-sliced-of-lime-and-basil-tqoegdrnowy.jpeg ,https:\/\/sona.pl\/wp-content\/uploads\/2025\/03\/cooked-shrimp-with-sliced-of-lime-and-basil-tqoegdrnowy.jpeg 780w, https:\/\/sona.pl\/wp-content\/uploads\/2025\/03\/cooked-shrimp-with-sliced-of-lime-and-basil-tqoegdrnowy.jpeg 360w\" sizes=\"auto, (max-width: 480px) 150px\" src=\"https:\/\/sona.pl\/wp-content\/uploads\/2025\/03\/cooked-shrimp-with-sliced-of-lime-and-basil-tqoegdrnowy.jpeg\" alt=\"\" class=\"uag-image-331\" width=\"1200\" height=\"450\" title=\"who-we-are\" loading=\"lazy\" role=\"img\"\/><\/figure><\/div>\n\n\n\n<div data-aos= \"slide-right\" data-aos-duration=\"400\" data-aos-delay=\"0\" data-aos-easing=\"ease\" data-aos-once=\"true\" class=\"wp-block-uagb-advanced-heading uagb-block-318c3a49\"><h2 class=\"uagb-heading-text\">The exceptional quality and taste of our products<\/h2><\/div>\n\n\n\n<div class=\"wp-block-uagb-container uagb-block-d1b26124\">\n<div data-aos= \"zoom-in\" data-aos-duration=\"400\" data-aos-delay=\"0\" data-aos-easing=\"ease\" data-aos-once=\"true\" class=\"wp-block-uagb-container uagb-block-cb8bf298\">\n<div class=\"wp-block-uagb-icon-list uagb-block-c7bf35f8\"><div class=\"uagb-icon-list__wrap\">\n<div class=\"wp-block-uagb-icon-list-child uagb-block-c37d0d82\"><span class=\"uagb-icon-list__source-wrap\"><svg xmlns=\"https:\/\/www.w3.org\/2000\/svg\" viewBox=\"0 0 512 512\"><path d=\"M0 256C0 114.6 114.6 0 256 0C397.4 0 512 114.6 512 256C512 397.4 397.4 512 256 512C114.6 512 0 397.4 0 256zM256 352C309 352 352 309 352 256C352 202.1 309 160 256 160C202.1 160 160 202.1 160 256C160 309 202.1 352 256 352z\"><\/path><\/svg><\/span><span class=\"uagb-icon-list__label\">Years of experience<\/span><\/div>\n<\/div><\/div>\n\n\n\n<div class=\"wp-block-uagb-advanced-heading uagb-block-9f04005b\"><p class=\"uagb-heading-text\">35 years in the industry<\/p><\/div>\n<\/div>\n\n\n\n<div data-aos= \"zoom-in\" data-aos-duration=\"400\" data-aos-delay=\"0\" data-aos-easing=\"ease\" data-aos-once=\"true\" class=\"wp-block-uagb-container uagb-block-fd9cbe16\">\n<div class=\"wp-block-uagb-icon-list uagb-block-27e4541e\"><div class=\"uagb-icon-list__wrap\">\n<div class=\"wp-block-uagb-icon-list-child uagb-block-b3e82ce3\"><span class=\"uagb-icon-list__source-wrap\"><svg xmlns=\"https:\/\/www.w3.org\/2000\/svg\" viewBox=\"0 0 512 512\"><path d=\"M0 256C0 114.6 114.6 0 256 0C397.4 0 512 114.6 512 256C512 397.4 397.4 512 256 512C114.6 512 0 397.4 0 256zM256 352C309 352 352 309 352 256C352 202.1 309 160 256 160C202.1 160 160 202.1 160 256C160 309 202.1 352 256 352z\"><\/path><\/svg><\/span><span class=\"uagb-icon-list__label\">An offer tailored to everyone!<\/span><\/div>\n<\/div><\/div>\n\n\n\n<div class=\"wp-block-uagb-advanced-heading uagb-block-4b92a89e\"><p class=\"uagb-heading-text\">Wide range of products<\/p><\/div>\n<\/div>\n\n\n\n<div data-aos= \"zoom-in\" data-aos-duration=\"400\" data-aos-delay=\"0\" data-aos-easing=\"ease\" data-aos-once=\"true\" class=\"wp-block-uagb-container uagb-block-b8120f9d\">\n<div class=\"wp-block-uagb-icon-list uagb-block-a9824d4b\"><div class=\"uagb-icon-list__wrap\">\n<div class=\"wp-block-uagb-icon-list-child uagb-block-7ac06be3\"><span class=\"uagb-icon-list__source-wrap\"><svg xmlns=\"https:\/\/www.w3.org\/2000\/svg\" viewBox=\"0 0 512 512\"><path d=\"M0 256C0 114.6 114.6 0 256 0C397.4 0 512 114.6 512 256C512 397.4 397.4 512 256 512C114.6 512 0 397.4 0 256zM256 352C309 352 352 309 352 256C352 202.1 309 160 256 160C202.1 160 160 202.1 160 256C160 309 202.1 352 256 352z\"><\/path><\/svg><\/span><span class=\"uagb-icon-list__label\">Modern technologies<\/span><\/div>\n<\/div><\/div>\n\n\n\n<div class=\"wp-block-uagb-advanced-heading uagb-block-96e23160\"><p class=\"uagb-heading-text\">Innovation<\/p><\/div>\n<\/div>\n<\/div>\n<\/div><\/div>\n\n\n<div class=\"wp-block-uagb-container uagb-block-283d2971 alignfull uagb-is-root-container\"><div class=\"uagb-container-inner-blocks-wrap\">\n<div class=\"wp-block-uagb-info-box uagb-block-82d1d57c uagb-infobox__content-wrap  uagb-infobox-icon-above-title uagb-infobox-image-valign-top\"><div class=\"uagb-ifb-content\"><div class=\"uagb-ifb-title-wrap\"><h2 class=\"uagb-ifb-title\">Contact us today!<\/h2><\/div><p class=\"uagb-ifb-desc\">We offer the finest fish and seafood. Learn more about our offerings.<\/p><div class=\"uagb-ifb-button-wrapper wp-block-button\"><a href=\"\/en\/oferta\" class=\"uagb-infobox-cta-link wp-block-button__link\" target=\"_self\" rel=\"noopener noreferrer\" onclick=\"return true;\"><span class=\"uagb-inline-editing\">See the offer<\/span><\/a><\/div><\/div><\/div>\n<\/div><\/div>","protected":false},"excerpt":{"rendered":"<p>We create the highest quality food \u2013 with you in mind! About our company The exceptional quality and taste of [&hellip;]<\/p>\n","protected":false},"author":4,"featured_media":0,"parent":0,"menu_order":0,"comment_status":"closed","ping_status":"closed","template":"","meta":{"_uag_custom_page_level_css":"","site-sidebar-layout":"default","site-content-layout":"","ast-site-content-layout":"default","site-content-style":"default","site-sidebar-style":"default","ast-global-header-display":"","ast-banner-title-visibility":"","ast-main-header-display":"","ast-hfb-above-header-display":"","ast-hfb-below-header-display":"","ast-hfb-mobile-header-display":"","site-post-title":"disabled","ast-breadcrumbs-content":"","ast-featured-img":"","footer-sml-layout":"","ast-disable-related-posts":"","theme-transparent-header-meta":"","adv-header-id-meta":"","stick-header-meta":"","header-above-stick-meta":"","header-main-stick-meta":"","header-below-stick-meta":"","astra-migrate-meta-layouts":"default","ast-page-background-enabled":"default","ast-page-background-meta":{"desktop":{"background-color":"var(--ast-global-color-4)","background-image":"","background-repeat":"repeat","background-position":"center center","background-size":"auto","background-attachment":"scroll","background-type":"","background-media":"","overlay-type":"","overlay-color":"","overlay-opacity":"","overlay-gradient":""},"tablet":{"background-color":"","background-image":"","background-repeat":"repeat","background-position":"center center","background-size":"auto","background-attachment":"scroll","background-type":"","background-media":"","overlay-type":"","overlay-color":"","overlay-opacity":"","overlay-gradient":""},"mobile":{"background-color":"","background-image":"","background-repeat":"repeat","background-position":"center center","background-size":"auto","background-attachment":"scroll","background-type":"","background-media":"","overlay-type":"","overlay-color":"","overlay-opacity":"","overlay-gradient":""}},"ast-content-background-meta":{"desktop":{"background-color":"var(--ast-global-color-5)","background-image":"","background-repeat":"repeat","background-position":"center center","background-size":"auto","background-attachment":"scroll","background-type":"","background-media":"","overlay-type":"","overlay-color":"","overlay-opacity":"","overlay-gradient":""},"tablet":{"background-color":"var(--ast-global-color-5)","background-image":"","background-repeat":"repeat","background-position":"center center","background-size":"auto","background-attachment":"scroll","background-type":"","background-media":"","overlay-type":"","overlay-color":"","overlay-opacity":"","overlay-gradient":""},"mobile":{"background-color":"var(--ast-global-color-5)","background-image":"","background-repeat":"repeat","background-position":"center center","background-size":"auto","background-attachment":"scroll","background-type":"","background-media":"","overlay-type":"","overlay-color":"","overlay-opacity":"","overlay-gradient":""}},"footnotes":""},"class_list":["post-21","page","type-page","status-publish","hentry"],"yoast_head":"<!-- This site is optimized with the Yoast SEO plugin v26.5 - https:\/\/yoast.com\/wordpress\/plugins\/seo\/ -->\n<title>O nas tradycja do\u015bwiadczenie i jako\u015b\u0107 - SoNa Sp. z o.o.<\/title>\n<meta name=\"description\" content=\"SoNa Sp. z o.o. to zesp\u00f3\u0142 z wieloletnim do\u015bwiadczeniem, tworz\u0105cy ryby w\u0119dzone, \u015bwie\u017ce i mro\u017cone z zachowaniem najwy\u017cszych standard\u00f3w jako\u015bci.\" \/>\n<meta name=\"robots\" content=\"index, follow, max-snippet:-1, max-image-preview:large, max-video-preview:-1\" \/>\n<link rel=\"canonical\" href=\"https:\/\/sona.pl\/en\/o-nas\/\" \/>\n<meta property=\"og:locale\" content=\"en_US\" \/>\n<meta property=\"og:locale:alternate\" content=\"pl_PL\" \/>\n<meta property=\"og:type\" content=\"article\" \/>\n<meta property=\"og:title\" content=\"O nas tradycja do\u015bwiadczenie i jako\u015b\u0107 - SoNa Sp. z o.o.\" \/>\n<meta property=\"og:description\" content=\"SoNa Sp. z o.o. to zesp\u00f3\u0142 z wieloletnim do\u015bwiadczeniem, tworz\u0105cy ryby w\u0119dzone, \u015bwie\u017ce i mro\u017cone z zachowaniem najwy\u017cszych standard\u00f3w jako\u015bci.\" \/>\n<meta property=\"og:url\" content=\"https:\/\/sona.pl\/en\/o-nas\/\" \/>\n<meta property=\"og:site_name\" content=\"SoNa Sp. z o.o\" \/>\n<meta property=\"article:publisher\" content=\"https:\/\/www.facebook.com\/rybysona\" \/>\n<meta property=\"article:modified_time\" content=\"2025-12-12T22:44:07+00:00\" \/>\n<meta property=\"og:image\" content=\"https:\/\/sona.pl\/wp-content\/uploads\/2025\/03\/round-white-ceramic-bowl-with-seafoods-rmdo8r9igfw.jpeg\" \/>\n<meta name=\"twitter:card\" content=\"summary_large_image\" \/>\n<meta name=\"twitter:label1\" content=\"Est. reading time\" \/>\n\t<meta name=\"twitter:data1\" content=\"4 minutes\" \/>\n<script type=\"application\/ld+json\" class=\"yoast-schema-graph\">{\"@context\":\"https:\/\/schema.org\",\"@graph\":[{\"@type\":\"WebPage\",\"@id\":\"https:\/\/sona.pl\/o-nas\/\",\"url\":\"https:\/\/sona.pl\/o-nas\/\",\"name\":\"O nas tradycja do\u015bwiadczenie i jako\u015b\u0107 - SoNa Sp. z o.o.\",\"isPartOf\":{\"@id\":\"https:\/\/sona.pl\/#website\"},\"primaryImageOfPage\":{\"@id\":\"https:\/\/sona.pl\/o-nas\/#primaryimage\"},\"image\":{\"@id\":\"https:\/\/sona.pl\/o-nas\/#primaryimage\"},\"thumbnailUrl\":\"https:\/\/sona.pl\/wp-content\/uploads\/2025\/03\/round-white-ceramic-bowl-with-seafoods-rmdo8r9igfw.jpeg\",\"datePublished\":\"2025-03-10T13:02:11+00:00\",\"dateModified\":\"2025-12-12T22:44:07+00:00\",\"description\":\"SoNa Sp. z o.o. to zesp\u00f3\u0142 z wieloletnim do\u015bwiadczeniem, tworz\u0105cy ryby w\u0119dzone, \u015bwie\u017ce i mro\u017cone z zachowaniem najwy\u017cszych standard\u00f3w jako\u015bci.\",\"breadcrumb\":{\"@id\":\"https:\/\/sona.pl\/o-nas\/#breadcrumb\"},\"inLanguage\":\"en-US\",\"potentialAction\":[{\"@type\":\"ReadAction\",\"target\":[\"https:\/\/sona.pl\/o-nas\/\"]}]},{\"@type\":\"ImageObject\",\"inLanguage\":\"en-US\",\"@id\":\"https:\/\/sona.pl\/o-nas\/#primaryimage\",\"url\":\"https:\/\/sona.pl\/wp-content\/uploads\/2025\/03\/round-white-ceramic-bowl-with-seafoods-rmdo8r9igfw.jpeg\",\"contentUrl\":\"https:\/\/sona.pl\/wp-content\/uploads\/2025\/03\/round-white-ceramic-bowl-with-seafoods-rmdo8r9igfw.jpeg\"},{\"@type\":\"BreadcrumbList\",\"@id\":\"https:\/\/sona.pl\/o-nas\/#breadcrumb\",\"itemListElement\":[{\"@type\":\"ListItem\",\"position\":1,\"name\":\"Strona g\u0142\u00f3wna\",\"item\":\"https:\/\/sona.pl\/\"},{\"@type\":\"ListItem\",\"position\":2,\"name\":\"O nas\"}]},{\"@type\":\"WebSite\",\"@id\":\"https:\/\/sona.pl\/#website\",\"url\":\"https:\/\/sona.pl\/\",\"name\":\"SoNa Sp. z o.o\",\"description\":\"\",\"publisher\":{\"@id\":\"https:\/\/sona.pl\/#organization\"},\"potentialAction\":[{\"@type\":\"SearchAction\",\"target\":{\"@type\":\"EntryPoint\",\"urlTemplate\":\"https:\/\/sona.pl\/?s={search_term_string}\"},\"query-input\":{\"@type\":\"PropertyValueSpecification\",\"valueRequired\":true,\"valueName\":\"search_term_string\"}}],\"inLanguage\":\"en-US\"},{\"@type\":\"Organization\",\"@id\":\"https:\/\/sona.pl\/#organization\",\"name\":\"SoNa Sp. z o.o.\",\"url\":\"https:\/\/sona.pl\/\",\"logo\":{\"@type\":\"ImageObject\",\"inLanguage\":\"en-US\",\"@id\":\"https:\/\/sona.pl\/#\/schema\/logo\/image\/\",\"url\":\"https:\/\/sona.pl\/wp-content\/uploads\/2025\/04\/logo_transparent.webp\",\"contentUrl\":\"https:\/\/sona.pl\/wp-content\/uploads\/2025\/04\/logo_transparent.webp\",\"width\":1772,\"height\":780,\"caption\":\"SoNa Sp. z o.o.\"},\"image\":{\"@id\":\"https:\/\/sona.pl\/#\/schema\/logo\/image\/\"},\"sameAs\":[\"https:\/\/www.facebook.com\/rybysona\"]}]}<\/script>\n<!-- \/ Yoast SEO plugin. -->","yoast_head_json":{"title":"O nas tradycja do\u015bwiadczenie i jako\u015b\u0107 - SoNa Sp. z o.o.","description":"SoNa Sp. z o.o. to zesp\u00f3\u0142 z wieloletnim do\u015bwiadczeniem, tworz\u0105cy ryby w\u0119dzone, \u015bwie\u017ce i mro\u017cone z zachowaniem najwy\u017cszych standard\u00f3w jako\u015bci.","robots":{"index":"index","follow":"follow","max-snippet":"max-snippet:-1","max-image-preview":"max-image-preview:large","max-video-preview":"max-video-preview:-1"},"canonical":"https:\/\/sona.pl\/en\/o-nas\/","og_locale":"en_US","og_type":"article","og_title":"[:pl]O nas tradycja do\u015bwiadczenie i jako\u015b\u0107 - SoNa Sp. z o.o.[:]","og_description":"[:pl]SoNa Sp. z o.o. to zesp\u00f3\u0142 z wieloletnim do\u015bwiadczeniem, tworz\u0105cy ryby w\u0119dzone, \u015bwie\u017ce i mro\u017cone z zachowaniem najwy\u017cszych standard\u00f3w jako\u015bci.[:]","og_url":"https:\/\/sona.pl\/en\/o-nas\/","og_site_name":"SoNa Sp. z o.o","article_publisher":"https:\/\/www.facebook.com\/rybysona","article_modified_time":"2025-12-12T22:44:07+00:00","og_image":[{"url":"https:\/\/sona.pl\/wp-content\/uploads\/2025\/03\/round-white-ceramic-bowl-with-seafoods-rmdo8r9igfw.jpeg","type":"","width":"","height":""}],"twitter_card":"summary_large_image","twitter_misc":{"Est. reading time":"4 minutes"},"schema":{"@context":"https:\/\/schema.org","@graph":[{"@type":"WebPage","@id":"https:\/\/sona.pl\/o-nas\/","url":"https:\/\/sona.pl\/o-nas\/","name":"O nas tradycja do\u015bwiadczenie i jako\u015b\u0107 - SoNa Sp. z o.o.","isPartOf":{"@id":"https:\/\/sona.pl\/#website"},"primaryImageOfPage":{"@id":"https:\/\/sona.pl\/o-nas\/#primaryimage"},"image":{"@id":"https:\/\/sona.pl\/o-nas\/#primaryimage"},"thumbnailUrl":"https:\/\/sona.pl\/wp-content\/uploads\/2025\/03\/round-white-ceramic-bowl-with-seafoods-rmdo8r9igfw.jpeg","datePublished":"2025-03-10T13:02:11+00:00","dateModified":"2025-12-12T22:44:07+00:00","description":"SoNa Sp. z o.o. to zesp\u00f3\u0142 z wieloletnim do\u015bwiadczeniem, tworz\u0105cy ryby w\u0119dzone, \u015bwie\u017ce i mro\u017cone z zachowaniem najwy\u017cszych standard\u00f3w jako\u015bci.","breadcrumb":{"@id":"https:\/\/sona.pl\/o-nas\/#breadcrumb"},"inLanguage":"en-US","potentialAction":[{"@type":"ReadAction","target":["https:\/\/sona.pl\/o-nas\/"]}]},{"@type":"ImageObject","inLanguage":"en-US","@id":"https:\/\/sona.pl\/o-nas\/#primaryimage","url":"https:\/\/sona.pl\/wp-content\/uploads\/2025\/03\/round-white-ceramic-bowl-with-seafoods-rmdo8r9igfw.jpeg","contentUrl":"https:\/\/sona.pl\/wp-content\/uploads\/2025\/03\/round-white-ceramic-bowl-with-seafoods-rmdo8r9igfw.jpeg"},{"@type":"BreadcrumbList","@id":"https:\/\/sona.pl\/o-nas\/#breadcrumb","itemListElement":[{"@type":"ListItem","position":1,"name":"Strona g\u0142\u00f3wna","item":"https:\/\/sona.pl\/"},{"@type":"ListItem","position":2,"name":"O nas"}]},{"@type":"WebSite","@id":"https:\/\/sona.pl\/#website","url":"https:\/\/sona.pl\/","name":"SoNa Sp. z o.o","description":"","publisher":{"@id":"https:\/\/sona.pl\/#organization"},"potentialAction":[{"@type":"SearchAction","target":{"@type":"EntryPoint","urlTemplate":"https:\/\/sona.pl\/?s={search_term_string}"},"query-input":{"@type":"PropertyValueSpecification","valueRequired":true,"valueName":"search_term_string"}}],"inLanguage":"en-US"},{"@type":"Organization","@id":"https:\/\/sona.pl\/#organization","name":"SoNa Sp. z o.o.","url":"https:\/\/sona.pl\/","logo":{"@type":"ImageObject","inLanguage":"en-US","@id":"https:\/\/sona.pl\/#\/schema\/logo\/image\/","url":"https:\/\/sona.pl\/wp-content\/uploads\/2025\/04\/logo_transparent.webp","contentUrl":"https:\/\/sona.pl\/wp-content\/uploads\/2025\/04\/logo_transparent.webp","width":1772,"height":780,"caption":"SoNa Sp. z o.o."},"image":{"@id":"https:\/\/sona.pl\/#\/schema\/logo\/image\/"},"sameAs":["https:\/\/www.facebook.com\/rybysona"]}]}},"uagb_featured_image_src":{"full":false,"thumbnail":false,"medium":false,"medium_large":false,"large":false,"1536x1536":false,"2048x2048":false},"uagb_author_info":{"display_name":"j4yvjvaygfje","author_link":"https:\/\/sona.pl\/en\/author\/f72d54df75913048\/"},"uagb_comment_info":0,"uagb_excerpt":"We create the highest quality food \u2013 with you in mind! About our company The exceptional quality and taste of [&hellip;]","_links":{"self":[{"href":"https:\/\/sona.pl\/en\/wp-json\/wp\/v2\/pages\/21","targetHints":{"allow":["GET"]}}],"collection":[{"href":"https:\/\/sona.pl\/en\/wp-json\/wp\/v2\/pages"}],"about":[{"href":"https:\/\/sona.pl\/en\/wp-json\/wp\/v2\/types\/page"}],"author":[{"embeddable":true,"href":"https:\/\/sona.pl\/en\/wp-json\/wp\/v2\/users\/4"}],"replies":[{"embeddable":true,"href":"https:\/\/sona.pl\/en\/wp-json\/wp\/v2\/comments?post=21"}],"version-history":[{"count":23,"href":"https:\/\/sona.pl\/en\/wp-json\/wp\/v2\/pages\/21\/revisions"}],"predecessor-version":[{"id":785,"href":"https:\/\/sona.pl\/en\/wp-json\/wp\/v2\/pages\/21\/revisions\/785"}],"wp:attachment":[{"href":"https:\/\/sona.pl\/en\/wp-json\/wp\/v2\/media?parent=21"}],"curies":[{"name":"wp","href":"https:\/\/api.w.org\/{rel}","templated":true}]}}